{"id":2,"date":"2016-05-10T03:48:21","date_gmt":"2016-05-10T03:48:21","guid":{"rendered":"http:\/\/neu.physio-neuffen.de\/?page_id=2"},"modified":"2026-01-07T12:32:33","modified_gmt":"2026-01-07T12:32:33","slug":"sample-page","status":"publish","type":"page","link":"https:\/\/www.physio-neuffen.de\/","title":{"rendered":"physio-neuffen.de"},"content":{"rendered":"<h1 style=\"text-align: center;\"><strong><span style=\"color: #0000ff;\">Herzlich Willkommen <\/span><\/strong><span style=\"color: #0000ff;\"><strong style=\"font-size: revert;\">auf der Internetseite meiner Privatpraxis f\u00fcr Physiotherapie<\/strong><\/span><\/h1>\n<\/p>\n<figure id=\"attachment_175\" aria-describedby=\"caption-attachment-175\" style=\"width: 284px\" class=\"wp-caption alignright\"><img loading=\"lazy\" decoding=\"async\" class=\"wp-image-175\" src=\"https:\/\/www.physio-neuffen.de\/wp-content\/uploads\/2022\/12\/HomepagebildDui22-292x300.jpg\" alt=\"\" width=\"284\" height=\"292\" srcset=\"https:\/\/www.physio-neuffen.de\/wp-content\/uploads\/2022\/12\/HomepagebildDui22-292x300.jpg 292w, https:\/\/www.physio-neuffen.de\/wp-content\/uploads\/2022\/12\/HomepagebildDui22-995x1024.jpg 995w, https:\/\/www.physio-neuffen.de\/wp-content\/uploads\/2022\/12\/HomepagebildDui22-768x790.jpg 768w, https:\/\/www.physio-neuffen.de\/wp-content\/uploads\/2022\/12\/HomepagebildDui22-1493x1536.jpg 1493w, https:\/\/www.physio-neuffen.de\/wp-content\/uploads\/2022\/12\/HomepagebildDui22.jpg 1769w\" sizes=\"auto, (max-width: 284px) 100vw, 284px\" \/><figcaption id=\"caption-attachment-175\" class=\"wp-caption-text\"><span style=\"color: #0000ff;\"><span style=\"color: #000000;\">IRONMAN70.3<\/span> <span style=\"color: #000000;\">Duisburg Foto: Ingo Kutsche<\/span><\/span><\/figcaption><\/figure>\n<h3 style=\"text-align: left;\"><strong>Hier finden Sie Informationen zu Kontaktdaten, Angeboten und auch Wissenswertes.<\/strong><\/h3>\n<\/p>\n\n\n<h3 class=\"wp-block-heading has-text-align-left\"><strong><em>Meine Angebote umfassen<\/em><\/strong><\/h3>\n\n\n\n<div class=\"wp-block-group\"><div class=\"wp-block-group__inner-container is-layout-flow wp-block-group-is-layout-flow\">\n<h3 class=\"wp-block-heading\"><strong>SRP-Therapie<sup>\u00ae<\/sup><\/strong><\/h3>\n\n\n\n<h3 class=\"wp-block-heading\"><strong>Krankengymnastik<\/strong><\/h3>\n\n\n\n<h3 class=\"wp-block-heading\"><strong>Sto\u00dfwelle<\/strong><\/h3>\n\n\n\n<h3 class=\"wp-block-heading\"><strong>Ultraschalltherapie<\/strong><\/h3>\n\n\n\n<h3 class=\"wp-block-heading\"><strong>Elektrotherapie<\/strong><\/h3>\n\n\n\n<p><\/p>\n\n\n\n<p><\/p>\n<\/div><\/div>\n\n\n\n<p><\/p>\n\n\n\n<p><\/p>\n\n\n\n<p><\/p>\n\n\n\n<h3 class=\"wp-block-heading has-text-align-center\">Bei Fragen k\u00f6nnen Sie jederzeit mit mir Kontakt aufnehmen. <\/h3>\n\n\n\n<h3 class=\"wp-block-heading has-text-align-center has-vivid-red-color has-text-color has-link-color wp-elements-01c7a8f769a41995fd88482c5eefafc6\">Die Praxis liegt in einem Wohngebiet, bitte fahren sie langsam.<\/h3>\n\n\n\n<h4 class=\"wp-block-heading has-text-align-center\">Die Parkm\u00f6glichkeiten befinden sich auf dem Stellplatz vor der Garage oder gegen\u00fcber auf den \u00f6ffentlichen Parkpl\u00e4tzen.<\/h4>\n\n\n\n<p><\/p>\n","protected":false},"excerpt":{"rendered":"<p>Herzlich Willkommen auf der Internetseite meiner Privatpraxis f\u00fcr Physiotherapie Hier finden Sie Informationen zu Kontaktdaten, Angeboten und auch Wissenswertes. Meine Angebote umfassen SRP-Therapie\u00ae Krankengymnastik Sto\u00dfwelle Ultraschalltherapie Elektrotherapie Bei Fragen k\u00f6nnen Sie jederzeit mit mir Kontakt aufnehmen. Die Praxis liegt in einem Wohngebiet, bitte fahren sie langsam. Die Parkm\u00f6glichkeiten befinden sich auf dem Stellplatz vor der [&hellip;]<\/p>\n","protected":false},"author":1,"featured_media":0,"parent":0,"menu_order":0,"comment_status":"closed","ping_status":"open","template":"","meta":{"footnotes":""},"class_list":["post-2","page","type-page","status-publish","hentry"],"_links":{"self":[{"href":"https:\/\/www.physio-neuffen.de\/index.php?rest_route=\/wp\/v2\/pages\/2","targetHints":{"allow":["GET"]}}],"collection":[{"href":"https:\/\/www.physio-neuffen.de\/index.php?rest_route=\/wp\/v2\/pages"}],"about":[{"href":"https:\/\/www.physio-neuffen.de\/index.php?rest_route=\/wp\/v2\/types\/page"}],"author":[{"embeddable":true,"href":"https:\/\/www.physio-neuffen.de\/index.php?rest_route=\/wp\/v2\/users\/1"}],"replies":[{"embeddable":true,"href":"https:\/\/www.physio-neuffen.de\/index.php?rest_route=%2Fwp%2Fv2%2Fcomments&post=2"}],"version-history":[{"count":14,"href":"https:\/\/www.physio-neuffen.de\/index.php?rest_route=\/wp\/v2\/pages\/2\/revisions"}],"predecessor-version":[{"id":280,"href":"https:\/\/www.physio-neuffen.de\/index.php?rest_route=\/wp\/v2\/pages\/2\/revisions\/280"}],"wp:attachment":[{"href":"https:\/\/www.physio-neuffen.de\/index.php?rest_route=%2Fwp%2Fv2%2Fmedia&parent=2"}],"curies":[{"name":"wp","href":"https:\/\/api.w.org\/{rel}","templated":true}]}}