{"id":264,"date":"2023-02-11T09:02:34","date_gmt":"2023-02-11T09:02:34","guid":{"rendered":"https:\/\/www.physio-neuffen.de\/?page_id=264"},"modified":"2024-07-29T19:40:19","modified_gmt":"2024-07-29T19:40:19","slug":"ironman-volunter","status":"publish","type":"page","link":"https:\/\/www.physio-neuffen.de\/?page_id=264","title":{"rendered":"IRONMAN-Volunteer"},"content":{"rendered":"\n<p>Du bist in Ausbildung im Physio- oder Massagebereich, vielleicht auch schon examiniert und m\u00f6chtest bei einem gro\u00dfen Massagevent teilnehmen und mit Spa\u00df Erfahrungen sammeln? Dann bist Du hier richtig!<\/p>\n\n\n<div class=\"wp-block-image\">\n<figure class=\"alignright is-resized\"><img decoding=\"async\" src=\"https:\/\/srp-therapie.de\/wp-content\/uploads\/2023\/02\/Massagezelt219-1-1024x768.jpg\" alt=\"\" class=\"wp-image-241\" style=\"width:361px;height:271px\"\/><figcaption class=\"wp-element-caption\">Massagezelt IRONMAN Frankfurt 2019<\/figcaption><\/figure>\n<\/div>\n\n\n<p>Du hast noch Fragen oder m\u00f6chtest Dich anmelden, alles unter: wiebke@physio-neuffen.de<\/p>\n\n\n\n<p>Als Dankesch\u00f6n gibt es ein Helfershirt, Helferbeutel, Zertifikat und freie Kost (keine R\u00fccksicht auf besonderes Essverhalten). <\/p>\n\n\n\n<p>Zur Verf\u00fcgung stehende Termine:<\/p>\n\n\n\n<ul class=\"wp-block-list\">\n<li><strong> IRONMAN70.3 Kraichgau<\/strong><\/li>\n\n\n\n<li>1. Juni Wochenende <strong>IRONMAN EM in Hamburg (Seminar am Rennsamstag vor dem Rennsonntag<\/strong><\/li>\n\n\n\n<li>Ende Juni <strong>IRONMAN EM in Frankfurt (Seminar am Rennsanstag vor dem Rennsonntag)<\/strong><\/li>\n\n\n\n<li>Mitte Juli <strong>World Triathlon Championship Series<\/strong><\/li>\n<\/ul>\n","protected":false},"excerpt":{"rendered":"<p>Du bist in Ausbildung im Physio- oder Massagebereich, vielleicht auch schon examiniert und m\u00f6chtest bei einem gro\u00dfen Massagevent teilnehmen und mit Spa\u00df Erfahrungen sammeln? Dann bist Du hier richtig! Du hast noch Fragen oder m\u00f6chtest Dich anmelden, alles unter: wiebke@physio-neuffen.de Als Dankesch\u00f6n gibt es ein Helfershirt, Helferbeutel, Zertifikat und freie Kost (keine R\u00fccksicht auf besonderes [&hellip;]<\/p>\n","protected":false},"author":1,"featured_media":0,"parent":0,"menu_order":0,"comment_status":"closed","ping_status":"closed","template":"","meta":{"footnotes":""},"class_list":["post-264","page","type-page","status-publish","hentry"],"_links":{"self":[{"href":"https:\/\/www.physio-neuffen.de\/index.php?rest_route=\/wp\/v2\/pages\/264","targetHints":{"allow":["GET"]}}],"collection":[{"href":"https:\/\/www.physio-neuffen.de\/index.php?rest_route=\/wp\/v2\/pages"}],"about":[{"href":"https:\/\/www.physio-neuffen.de\/index.php?rest_route=\/wp\/v2\/types\/page"}],"author":[{"embeddable":true,"href":"https:\/\/www.physio-neuffen.de\/index.php?rest_route=\/wp\/v2\/users\/1"}],"replies":[{"embeddable":true,"href":"https:\/\/www.physio-neuffen.de\/index.php?rest_route=%2Fwp%2Fv2%2Fcomments&post=264"}],"version-history":[{"count":5,"href":"https:\/\/www.physio-neuffen.de\/index.php?rest_route=\/wp\/v2\/pages\/264\/revisions"}],"predecessor-version":[{"id":278,"href":"https:\/\/www.physio-neuffen.de\/index.php?rest_route=\/wp\/v2\/pages\/264\/revisions\/278"}],"wp:attachment":[{"href":"https:\/\/www.physio-neuffen.de\/index.php?rest_route=%2Fwp%2Fv2%2Fmedia&parent=264"}],"curies":[{"name":"wp","href":"https:\/\/api.w.org\/{rel}","templated":true}]}}