{"id":290,"date":"2026-01-07T13:25:29","date_gmt":"2026-01-07T13:25:29","guid":{"rendered":"https:\/\/www.physio-neuffen.de\/?page_id=290"},"modified":"2026-01-07T13:25:29","modified_gmt":"2026-01-07T13:25:29","slug":"was-ist-die-srp-therapie","status":"publish","type":"page","link":"https:\/\/www.physio-neuffen.de\/?page_id=290","title":{"rendered":"Was ist die SRP-Therapie\u00ae?"},"content":{"rendered":"\n<h4 class=\"wp-block-heading\">Die\u00a0<a href=\"https:\/\/srp-therapie.de\/\" target=\"_blank\" rel=\"noreferrer noopener\">SRP-Therapie<\/a>\u00ae (<strong>S<\/strong>ympathische\u00a0<strong>R<\/strong>eflex<strong>p<\/strong>unkttherapie) ist ein Behandlungskonzept, welches auf dem Zusammenspiel von Sympathicus, peripherem Nervensystem und orthop\u00e4dischen Problemen aufgebaut ist.<\/h4>\n\n\n\n<h4 class=\"wp-block-heading\">Die sympathische Reflexpunkttherapie greift am autonomen Nervensystem an. Dieses Nervensystem kann bewusst kaum beeinflusst werden. Neben den Organen hat das Nervensystem auch in einigen Bereichen Einfluss auf die Muskulatur und verschiedene Nerven, die in den K\u00f6rper strahlen.<\/h4>\n\n\n\n<h4 class=\"wp-block-heading\">Durch Reize aus der Umwelt, Fehlstellungen von Gelenken und andere Zusammenspiele im K\u00f6rper wird dieses Nervensystem gereizt und aktiv gehalten. Diese Aktivierung sorgt u.a. f\u00fcr Entz\u00fcndungen, Koordinationsst\u00f6rungen und Schmerzen im K\u00f6rper, da die Ausgleichsmechanismen aufgebraucht wurden. Durch Fehlstellungen befindet sich das Nervensystem, welches bewusst selten beeinflusst werden kann, in einer Reizschleife.<\/h4>\n\n\n\n<h4 class=\"wp-block-heading\">Mit Hilfe der SRP-Therapie<sup>\u00ae<\/sup> k\u00f6nnen diese Reizschleifen und die Aktivierung des Nervensystems reduziert werden. Dadurch besteht f\u00fcr den K\u00f6rper die M\u00f6glichkeit die Durchblutung und die Regeneration wieder zu verbessern. Spannungen werden reduziert, wodurch die Bewegung und die Koordination der Muskeln, sowie die Schmerzen verbessert werden.<\/h4>\n\n\n\n<h4 class=\"wp-block-heading\">Mit Hilfe von verschiedenen Behandlungsans\u00e4tzen und unter Beachtung des Ineinandergreifens von verschiedenen Rezeptoren und deren Beeinflussung des gesamten neuronalen Systems findet die Behandlung am gesamten K\u00f6rper statt um positive Reaktionen zu erzielen.<\/h4>\n\n\n\n<h4 class=\"wp-block-heading\">Nach Jahren der Beobachtung, Kongressen und Gespr\u00e4chen mit Patienten ist es mir gelungen, diese K\u00f6rper umfassende Therapie zu entwickeln und Ihnen nun anbieten zu k\u00f6nnen.<\/h4>\n\n\n\n<div class=\"wp-block-group is-nowrap is-layout-flex wp-container-core-group-is-layout-ad2f72ca wp-block-group-is-layout-flex\">\n<p><\/p>\n<\/div>\n\n\n\n<p><\/p>\n\n\n\n<h3 class=\"wp-block-heading\"><mark style=\"background-color:rgba(0, 0, 0, 0)\" class=\"has-inline-color has-vivid-cyan-blue-color\">Beschwerdebilder<\/mark><\/h3>\n\n\n\n<p><\/p>\n\n\n\n<h4 class=\"wp-block-heading\">Die SRP-Therapie<sup>\u00ae<\/sup> bietet einen neuen Behandlungsansatz in folgenden Feldern<\/h4>\n\n\n\n<h4 class=\"wp-block-heading\">&#8211; R\u00fcckenschmerzen<\/h4>\n\n\n\n<h4 class=\"wp-block-heading\">&#8211; Knieschmerzen<\/h4>\n\n\n\n<h4 class=\"wp-block-heading\">&#8211; Schulterschmerzen, -probleme<\/h4>\n\n\n\n<h4 class=\"wp-block-heading\">&#8211; Ellenbogenprobleme<\/h4>\n\n\n\n<h4 class=\"wp-block-heading\">&#8211; Achillessehnenprobleme<\/h4>\n\n\n\n<h4 class=\"wp-block-heading\">&#8211; vegetative Probleme<\/h4>\n\n\n\n<h4 class=\"wp-block-heading\">&#8211; Verbesserung von Einschr\u00e4nkungen bei<\/h4>\n\n\n\n<h4 class=\"wp-block-heading\">   verschiedenen chron. Krankheiten<\/h4>\n\n\n\n<h4 class=\"wp-block-heading\">&#8211; und vielem mehr<\/h4>\n\n\n\n<h4 class=\"wp-block-heading\"><br>Weitere Informationen finden sich unter <a href=\"https:\/\/srp-therapie.de\" target=\"_blank\" rel=\"noreferrer noopener\">srp-therapie.de<\/a>.<\/h4>\n","protected":false},"excerpt":{"rendered":"<p>Die\u00a0SRP-Therapie\u00ae (Sympathische\u00a0Reflexpunkttherapie) ist ein Behandlungskonzept, welches auf dem Zusammenspiel von Sympathicus, peripherem Nervensystem und orthop\u00e4dischen Problemen aufgebaut ist. Die sympathische Reflexpunkttherapie greift am autonomen Nervensystem an. Dieses Nervensystem kann bewusst kaum beeinflusst werden. Neben den Organen hat das Nervensystem auch in einigen Bereichen Einfluss auf die Muskulatur und verschiedene Nerven, die in den K\u00f6rper strahlen. [&hellip;]<\/p>\n","protected":false},"author":1,"featured_media":0,"parent":0,"menu_order":0,"comment_status":"closed","ping_status":"closed","template":"","meta":{"footnotes":""},"class_list":["post-290","page","type-page","status-publish","hentry"],"_links":{"self":[{"href":"https:\/\/www.physio-neuffen.de\/index.php?rest_route=\/wp\/v2\/pages\/290","targetHints":{"allow":["GET"]}}],"collection":[{"href":"https:\/\/www.physio-neuffen.de\/index.php?rest_route=\/wp\/v2\/pages"}],"about":[{"href":"https:\/\/www.physio-neuffen.de\/index.php?rest_route=\/wp\/v2\/types\/page"}],"author":[{"embeddable":true,"href":"https:\/\/www.physio-neuffen.de\/index.php?rest_route=\/wp\/v2\/users\/1"}],"replies":[{"embeddable":true,"href":"https:\/\/www.physio-neuffen.de\/index.php?rest_route=%2Fwp%2Fv2%2Fcomments&post=290"}],"version-history":[{"count":1,"href":"https:\/\/www.physio-neuffen.de\/index.php?rest_route=\/wp\/v2\/pages\/290\/revisions"}],"predecessor-version":[{"id":292,"href":"https:\/\/www.physio-neuffen.de\/index.php?rest_route=\/wp\/v2\/pages\/290\/revisions\/292"}],"wp:attachment":[{"href":"https:\/\/www.physio-neuffen.de\/index.php?rest_route=%2Fwp%2Fv2%2Fmedia&parent=290"}],"curies":[{"name":"wp","href":"https:\/\/api.w.org\/{rel}","templated":true}]}}